{"id":982,"date":"2025-11-05T09:29:35","date_gmt":"2025-11-05T08:29:35","guid":{"rendered":"https:\/\/humandesignshop.pl\/?post_type=product&#038;p=982"},"modified":"2026-03-26T17:37:29","modified_gmt":"2026-03-26T16:37:29","slug":"plakat-mapa-energii-black-edition-personalizowany-chart","status":"publish","type":"product","link":"https:\/\/humandesignshop.pl\/index.php\/produkt\/plakat-mapa-energii-black-edition-personalizowany-chart\/","title":{"rendered":"Plakat Human Design Mandala Energii &#8211; Black Edition (Personalizowany Chart)"},"content":{"rendered":"<p>Mandala Energii to Tw\u00f3j indywidualny, niepowtarzalny wykres Human Design. Wyraziste kolory czterech domen Mandali na czarnym tle przyci\u0105gaj\u0105 uwag\u0119 i emanuj\u0105 energi\u0105. Ten kosmiczny portret zawiera informacje o 8-miu G\u0142\u00f3wnych Aspektach Twojego designu. Z moc\u0105 i elegancj\u0105 przypomina ka\u017cdego dnia, kim naprawd\u0119 jeste\u015b. Nasze plakaty \u0142\u0105cz\u0105 klasyczny j\u0119zyk Human Design z elementami systemu BG5 \u2013 Human Design w Biznesie i Karierze, dzi\u0119ki czemu staj\u0105 si\u0119 jeszcze bardziej praktyczne i unikatowe.<\/p>\n<p style=\"font-family: 'Chivo';color: #0b3147;text-transform: uppercase\">Wype\u0142nij formularz, aby spersonalizowa\u0107 produkt. Zamawiasz go jako prezent? Pami\u0119taj, aby poda\u0107 dane obdarowywanej osoby!<\/p>\n","protected":false},"excerpt":{"rendered":"<p>Tw\u00f3j osobisty wykres Human Design w czerni i kolorze. Elegancki plakat, kt\u00f3ry emanuje si\u0142\u0105 Twojego Designu. <\/p>\n<p>Wysokiej jako\u015bci plakat drukowany na satynowym papierze o gramaturze 140 g, gwarantuj\u0105cym trwa\u0142o\u015b\u0107 i eleganckie wyko\u0144czenie. Idealnie sprawdzi si\u0119 jako dekoracja wn\u0119trza, zapewniaj\u0105c \u017cywe kolory i \u015bwietn\u0105 ostro\u015b\u0107 detali.<\/p>\n","protected":false},"featured_media":1282,"comment_status":"open","ping_status":"closed","template":"","meta":[],"product_brand":[],"product_cat":[23],"product_tag":[],"class_list":{"0":"post-982","1":"product","2":"type-product","3":"status-publish","4":"has-post-thumbnail","6":"product_cat-plakaty","8":"first","9":"instock","10":"taxable","11":"shipping-taxable","12":"purchasable","13":"product-type-variable","14":"has-default-attributes"},"jetpack_sharing_enabled":true,"_links":{"self":[{"href":"https:\/\/humandesignshop.pl\/index.php\/wp-json\/wp\/v2\/product\/982","targetHints":{"allow":["GET"]}}],"collection":[{"href":"https:\/\/humandesignshop.pl\/index.php\/wp-json\/wp\/v2\/product"}],"about":[{"href":"https:\/\/humandesignshop.pl\/index.php\/wp-json\/wp\/v2\/types\/product"}],"replies":[{"embeddable":true,"href":"https:\/\/humandesignshop.pl\/index.php\/wp-json\/wp\/v2\/comments?post=982"}],"wp:featuredmedia":[{"embeddable":true,"href":"https:\/\/humandesignshop.pl\/index.php\/wp-json\/wp\/v2\/media\/1282"}],"wp:attachment":[{"href":"https:\/\/humandesignshop.pl\/index.php\/wp-json\/wp\/v2\/media?parent=982"}],"wp:term":[{"taxonomy":"product_brand","embeddable":true,"href":"https:\/\/humandesignshop.pl\/index.php\/wp-json\/wp\/v2\/product_brand?post=982"},{"taxonomy":"product_cat","embeddable":true,"href":"https:\/\/humandesignshop.pl\/index.php\/wp-json\/wp\/v2\/product_cat?post=982"},{"taxonomy":"product_tag","embeddable":true,"href":"https:\/\/humandesignshop.pl\/index.php\/wp-json\/wp\/v2\/product_tag?post=982"}],"curies":[{"name":"wp","href":"https:\/\/api.w.org\/{rel}","templated":true}]}}