{"id":2208,"date":"2026-01-12T11:30:46","date_gmt":"2026-01-12T10:30:46","guid":{"rendered":"https:\/\/humandesignshop.pl\/?post_type=product&#038;p=2208"},"modified":"2026-04-07T13:53:00","modified_gmt":"2026-04-07T11:53:00","slug":"analiza-partnerstwa-bg5-partnership-career-analysis","status":"publish","type":"product","link":"https:\/\/humandesignshop.pl\/index.php\/produkt\/analiza-partnerstwa-bg5-partnership-career-analysis\/","title":{"rendered":"Analiza partnerstwa BG5"},"content":{"rendered":"<p>Efektywna wsp\u00f3\u0142praca w Partnerstwie Biznesowym jest kluczowa dla sukcesu.<\/p>\n<p><strong>Ta sesja pozwoli Ci:<\/strong><br \/>\n&#8211; Skoncentrowa\u0107 si\u0119 na tym w czym jeste\u015b najlepszy oraz odda\u0107 pole drugiej osobie tam gdzie to ona jest na swoim miejscu.<br \/>\n&#8211; Przeanalizowa\u0107 dynamik\u0119 konkretnej relacji i zrozumie\u0107 wzajemne schematy dzia\u0142ania w Partnerstwie,<br \/>\n&#8211; Zidentyfikowa\u0107 potencjalne konflikty i miejsca napi\u0119\u0107 w relacji,<br \/>\n&#8211; Poprawi\u0107 komunikacj\u0119 oraz rozpozna\u0107 Wasze wspieraj\u0105ce miejsca wsp\u00f3\u0142pracy.<br \/>\n<strong>To unikalna okazja do optymalizacji i rozwoju wsp\u00f3\u0142pracy zar\u00f3wno w \u017cyciu zawodowym, jak i osobistym.<\/strong><\/p>\n<p><strong>Wymagania:<\/strong> Wykonany <em><strong><a href=\"https:\/\/humandesignshop.pl\/index.php\/produkt\/przeglad-projektu-kariery-bg5-career-design-overview\/\">PRZEGL\u0104D PROJEKTU KARIERY BG5<\/a><\/strong><\/em><\/p>\n<p><strong>Otrzymujesz: <\/strong>Zindywidualizowana prezentacja po polsku + nagranie sesji Zoom.<br \/>\n<strong>Koszt:<\/strong> 3750 z\u0142 netto \/ 4612,50 z\u0142 brutto<br \/>\n<strong>Czas trwania:<\/strong> 3 sesje po 2 godziny.<\/p>\n","protected":false},"excerpt":{"rendered":"<p>Analiza Partnerstwa BG5 (Partnership Career Analysis) to sesja, dz\u0119ki kt\u00f3rej rozpoznasz realn\u0105 dynamik\u0119 Waszej wsp\u00f3\u0142pracy \u2014 kto naturalnie wnosi kierunek, kto stabilno\u015b\u0107, gdzie powstaj\u0105 napi\u0119cia i jak je konstruktywnie wykorzysta\u0107<\/p>\n","protected":false},"featured_media":2374,"comment_status":"open","ping_status":"closed","template":"","meta":[],"product_brand":[],"product_cat":[36],"product_tag":[],"class_list":{"0":"post-2208","1":"product","2":"type-product","3":"status-publish","4":"has-post-thumbnail","6":"product_cat-konsultacje","8":"first","9":"instock","10":"taxable","11":"shipping-taxable","12":"product-type-external"},"jetpack_sharing_enabled":true,"_links":{"self":[{"href":"https:\/\/humandesignshop.pl\/index.php\/wp-json\/wp\/v2\/product\/2208","targetHints":{"allow":["GET"]}}],"collection":[{"href":"https:\/\/humandesignshop.pl\/index.php\/wp-json\/wp\/v2\/product"}],"about":[{"href":"https:\/\/humandesignshop.pl\/index.php\/wp-json\/wp\/v2\/types\/product"}],"replies":[{"embeddable":true,"href":"https:\/\/humandesignshop.pl\/index.php\/wp-json\/wp\/v2\/comments?post=2208"}],"wp:featuredmedia":[{"embeddable":true,"href":"https:\/\/humandesignshop.pl\/index.php\/wp-json\/wp\/v2\/media\/2374"}],"wp:attachment":[{"href":"https:\/\/humandesignshop.pl\/index.php\/wp-json\/wp\/v2\/media?parent=2208"}],"wp:term":[{"taxonomy":"product_brand","embeddable":true,"href":"https:\/\/humandesignshop.pl\/index.php\/wp-json\/wp\/v2\/product_brand?post=2208"},{"taxonomy":"product_cat","embeddable":true,"href":"https:\/\/humandesignshop.pl\/index.php\/wp-json\/wp\/v2\/product_cat?post=2208"},{"taxonomy":"product_tag","embeddable":true,"href":"https:\/\/humandesignshop.pl\/index.php\/wp-json\/wp\/v2\/product_tag?post=2208"}],"curies":[{"name":"wp","href":"https:\/\/api.w.org\/{rel}","templated":true}]}}