{"id":2204,"date":"2026-01-12T11:12:17","date_gmt":"2026-01-12T10:12:17","guid":{"rendered":"https:\/\/humandesignshop.pl\/?post_type=product&#038;p=2204"},"modified":"2026-04-07T13:53:13","modified_gmt":"2026-04-07T11:53:13","slug":"przeglad-projektu-kariery-bg5-career-design-overview","status":"publish","type":"product","link":"https:\/\/humandesignshop.pl\/index.php\/produkt\/przeglad-projektu-kariery-bg5-career-design-overview\/","title":{"rendered":"Przegl\u0105d projektu kariery BG5"},"content":{"rendered":"<p>Analiza Twojego bazowego Potencja\u0142u Zawodowego oparta na 6 podstawowych<br \/>\n<strong>KODACH SUKCESU BG5:<\/strong><\/p>\n<p><strong>1. Typ kariery<\/strong> \u2013 Jak najlepiej wyra\u017casz siebie w z\u0307yciu i przestrzeni zawodowej,<br \/>\n<strong>2. Osobista Interakcja<\/strong> \u2013 Twoja niewerbalna obecno\u015b\u0107. Jak najlepiej wchodzisz w interakcje z innymi,<br \/>\n<strong>3. Strategia Podejmowania Decyzji<\/strong> \u2013 Jaki jest Tw\u00f3j mechanizm podejmowania najlepszych dla Ciebie decyzji,<br \/>\n<strong>4. Kluczowe Wskaz\u0301niki<\/strong> \u2013 Kluczowe drogowskazy, kt\u00f3re pomagaj\u0105 Ci utrzymac\u0301 sie\u0328 na w\u0142as\u0301ciwym kursie,<br \/>\n<strong>5. Asymilacja Informacji<\/strong> \u2013 W jaki spos\u00f3b przetwarzasz i asymilujesz informacje,<br \/>\n<strong>6. Styl \u015arodowiskowy<\/strong> \u2013 W jakim s\u0301rodowisku pracy najlepiej funkcjonujesz.<\/p>\n<p>To konkretne narz\u0119dzie dla lider\u00f3w, przedsi\u0119biorc\u00f3w i profesjonalist\u00f3w, kt\u00f3rzy chc\u0105 budowa\u0107 karier\u0119 w zgodzie ze swoj\u0105 mechanik\u0105, zamiast dzia\u0142a\u0107 wbrew niej.<br \/>\n<strong><br \/>\n<\/strong><strong>Otrzymujesz:<\/strong>\u00a0Zindywidualizowana prezentacja (40+ slajd\u00f3w) po polsku + nagranie sesji Zoom.<br \/>\n<strong>Koszt:<\/strong> 1600 z\u0142 netto \/1968 z\u0142 brutto<\/p>\n","protected":false},"excerpt":{"rendered":"<p>Przegl\u0105d Projektu Kariery BG5 to strategiczna analiza Twojego bazowego Potencja\u0142u Zawodowego w oparciu o 6 fundamentalnych Kod\u00f3w Sukcesu, kt\u00f3re pokazuj\u0105, jak naturalnie podejmujesz decyzje, wchodzisz w interakcje, przetwarzasz informacje i w jakim \u015brodowisku osi\u0105gasz najlepsze wyniki.<\/p>\n","protected":false},"featured_media":2363,"comment_status":"open","ping_status":"closed","template":"","meta":[],"product_brand":[],"product_cat":[36],"product_tag":[],"class_list":{"0":"post-2204","1":"product","2":"type-product","3":"status-publish","4":"has-post-thumbnail","6":"product_cat-konsultacje","8":"first","9":"instock","10":"taxable","11":"shipping-taxable","12":"product-type-external"},"jetpack_sharing_enabled":true,"_links":{"self":[{"href":"https:\/\/humandesignshop.pl\/index.php\/wp-json\/wp\/v2\/product\/2204","targetHints":{"allow":["GET"]}}],"collection":[{"href":"https:\/\/humandesignshop.pl\/index.php\/wp-json\/wp\/v2\/product"}],"about":[{"href":"https:\/\/humandesignshop.pl\/index.php\/wp-json\/wp\/v2\/types\/product"}],"replies":[{"embeddable":true,"href":"https:\/\/humandesignshop.pl\/index.php\/wp-json\/wp\/v2\/comments?post=2204"}],"wp:featuredmedia":[{"embeddable":true,"href":"https:\/\/humandesignshop.pl\/index.php\/wp-json\/wp\/v2\/media\/2363"}],"wp:attachment":[{"href":"https:\/\/humandesignshop.pl\/index.php\/wp-json\/wp\/v2\/media?parent=2204"}],"wp:term":[{"taxonomy":"product_brand","embeddable":true,"href":"https:\/\/humandesignshop.pl\/index.php\/wp-json\/wp\/v2\/product_brand?post=2204"},{"taxonomy":"product_cat","embeddable":true,"href":"https:\/\/humandesignshop.pl\/index.php\/wp-json\/wp\/v2\/product_cat?post=2204"},{"taxonomy":"product_tag","embeddable":true,"href":"https:\/\/humandesignshop.pl\/index.php\/wp-json\/wp\/v2\/product_tag?post=2204"}],"curies":[{"name":"wp","href":"https:\/\/api.w.org\/{rel}","templated":true}]}}