{"id":2200,"date":"2026-01-12T10:58:27","date_gmt":"2026-01-12T09:58:27","guid":{"rendered":"https:\/\/humandesignshop.pl\/?post_type=product&#038;p=2200"},"modified":"2026-04-11T09:54:12","modified_gmt":"2026-04-11T07:54:12","slug":"sesja-startowa-bg5","status":"publish","type":"product","link":"https:\/\/humandesignshop.pl\/index.php\/produkt\/sesja-startowa-bg5\/","title":{"rendered":"Human Design &#8211; BG5 Coaching"},"content":{"rendered":"<p style=\"font-weight: 400;\">To coaching oparty o Twoj unikalny Design. Wsp\u00f3lnie przechodzimy przez Twoje aktualne wyzwania osobiste i zawodowe, wspieraj\u0105c Ci\u0119 w rozwoju \u015bcie\u017cki kariery oraz w kluczowych zmianach. Dzi\u0119ki po\u0142aczeniu procesu coachingowego z bogactwem wiedzy na tw\u00f3j temat wynikaj\u0105cym z Human Design \u2013 BG5 nie tylko\u00a0<strong>lepiej rozumiesz swoje mechanizmy dzia\u0142ania, decyzji i interakcji z innymi<\/strong>, ale\u00a0<strong>zaczynasz \u017cy\u0107 w oparciu o sw\u00f3j pe\u0142ny potencja\u0142.<\/strong><\/p>\n<p style=\"font-weight: 400;\"><strong>W procesie:<\/strong><\/p>\n<ul>\n<li>Zidentyfikujesz\u00a0<strong>kluczowe umiej\u0119tno\u015bci i talenty<\/strong>, kt\u00f3re naturalnie wnosisz do zespo\u0142u.<\/li>\n<li>Zrozumiesz,\u00a0<strong>co nie jest Twoim zadaniem<\/strong> &#8211; jakie odpowiedzialno\u015bci i funkcje prowadz\u0105 do przeci\u0105\u017cenia lub frustracji.<\/li>\n<li>Otrzymasz\u00a0<strong>praktyczne wskaz\u00f3wki<\/strong>, jak podejmowa\u0107 decyzje zawodowe w zgodzie ze swoj\u0105 Strategi\u0105 i Autorytetem.<\/li>\n<li>Wypracujesz klarown\u0105\u00a0<strong>strategi\u0119 rozwoju kariery<\/strong>\u00a0lub przej\u015bcia przez zmian\u0119 zawodow\u0105.<\/li>\n<\/ul>\n<p style=\"font-weight: 400;\"><strong>To nie jest motywacyjna rozmowa<\/strong> &#8211; to proces twojej zmiany wspierany precyzyjn\u0105 map\u0105 Twojego potencja\u0142u, kt\u00f3ra pozwala Ci budowa\u0107 \u017cycie i biznes w oparciu o Twoje talenty i predyspozycje, a nie presj\u0119 otoczenia.<\/p>\n<p><strong>Pakiet 2-miesi\u0119czny: <\/strong>4 spotkania<br \/>\n<strong>Cena:<\/strong> 2800 z\u0142 brutto \/ 3444 z\u0142 netto<br \/>\n<strong>Cz\u0119stotliwo\u015b\u0107:<\/strong> 1 sesja co tydzie\u0144 lub co 2 tygodnie (1g 30 min.\/sesja) \u2013 mo\u017cliwo\u015b\u0107 dostosowania.<br \/>\n<strong>Forma:<\/strong> Zoom (mo\u017cliwo\u015b\u0107 spotka\u0144 stacjonarnych uzgadniana indywidualnie).<\/p>\n","protected":false},"excerpt":{"rendered":"<p><b>Human Design \u2013 BG5 Coaching<\/b>\u00a0to indywidualny program idealny dla Ciebie, je\u015bli stoisz przed zmian\u0105 (zmiana pracy, start w\u0142asnej firmy, stworzenie nowej marki) albo chcesz \u015bwiadomie rozwin\u0105\u0107 swoj\u0105 karier\u0119 w oparciu o to, kim naprawd\u0119 jeste\u015b.<\/p>\n","protected":false},"featured_media":2364,"comment_status":"open","ping_status":"closed","template":"","meta":[],"product_brand":[],"product_cat":[36],"product_tag":[],"class_list":{"0":"post-2200","1":"product","2":"type-product","3":"status-publish","4":"has-post-thumbnail","6":"product_cat-konsultacje","8":"first","9":"instock","10":"taxable","11":"shipping-taxable","12":"product-type-external"},"jetpack_sharing_enabled":true,"_links":{"self":[{"href":"https:\/\/humandesignshop.pl\/index.php\/wp-json\/wp\/v2\/product\/2200","targetHints":{"allow":["GET"]}}],"collection":[{"href":"https:\/\/humandesignshop.pl\/index.php\/wp-json\/wp\/v2\/product"}],"about":[{"href":"https:\/\/humandesignshop.pl\/index.php\/wp-json\/wp\/v2\/types\/product"}],"replies":[{"embeddable":true,"href":"https:\/\/humandesignshop.pl\/index.php\/wp-json\/wp\/v2\/comments?post=2200"}],"wp:featuredmedia":[{"embeddable":true,"href":"https:\/\/humandesignshop.pl\/index.php\/wp-json\/wp\/v2\/media\/2364"}],"wp:attachment":[{"href":"https:\/\/humandesignshop.pl\/index.php\/wp-json\/wp\/v2\/media?parent=2200"}],"wp:term":[{"taxonomy":"product_brand","embeddable":true,"href":"https:\/\/humandesignshop.pl\/index.php\/wp-json\/wp\/v2\/product_brand?post=2200"},{"taxonomy":"product_cat","embeddable":true,"href":"https:\/\/humandesignshop.pl\/index.php\/wp-json\/wp\/v2\/product_cat?post=2200"},{"taxonomy":"product_tag","embeddable":true,"href":"https:\/\/humandesignshop.pl\/index.php\/wp-json\/wp\/v2\/product_tag?post=2200"}],"curies":[{"name":"wp","href":"https:\/\/api.w.org\/{rel}","templated":true}]}}