{"id":1694,"date":"2025-11-29T13:11:30","date_gmt":"2025-11-29T12:11:30","guid":{"rendered":"https:\/\/humandesignshop.pl\/?post_type=product&#038;p=1694"},"modified":"2025-12-22T09:51:24","modified_gmt":"2025-12-22T08:51:24","slug":"plotno-human-design-white-minimalistic-personalizowany-chart-60x80","status":"publish","type":"product","link":"https:\/\/humandesignshop.pl\/index.php\/produkt\/plotno-human-design-white-minimalistic-personalizowany-chart-60x80\/","title":{"rendered":"P\u0142\u00f3tno Human Design &#8211; White Minimalistic (Personalizowany Chart) 60&#215;80"},"content":{"rendered":"<p>Tw\u00f3j Design w artystycznej formie na p\u0142\u00f3tnie. White Edition to spersonalizowany wykres \u2014 Tw\u00f3j kosmiczny odcisk \u2014 wraz z informacjami o 8-miu G\u0142\u00f3wnych Aspektach Twojego designu i ich opisem.<br \/>\nSubtelno\u015b\u0107 bieli i faktura p\u0142\u00f3tna tworz\u0105 po\u0142\u0105czenie estetyki, spokoju i duchowej g\u0142\u0119bi.<\/p>\n<p style=\"font-family: 'Chivo';color: #0b3147;text-transform: uppercase\">Wype\u0142nij formularz, aby spersonalizowa\u0107 produkt. Zamawiasz go jako prezent? Pami\u0119taj, aby poda\u0107 dane obdarowywanej osoby!<\/p>\n","protected":false},"excerpt":{"rendered":"<p>Tw\u00f3j indywidualny wykres Human Design w bieli. Artystyczny akcent wn\u0119trza z dusz\u0105 i znaczeniem.<\/p>\n<p>Nasze p\u0142\u00f3tna wykonujemy na matowym p\u0142\u00f3tnie syntetycznym Canvas Polyester 250, kt\u00f3re zapewnia \u015bwietn\u0105 jako\u015b\u0107 druku i trwa\u0142o\u015b\u0107. Ka\u017cde z nich jest starannie naci\u0105gane na solidny sosnowy blejtram o grubo\u015bci 2 cm, tworz\u0105c gotow\u0105 do powieszenia, estetyczn\u0105 dekoracj\u0119.<\/p>\n","protected":false},"featured_media":1700,"comment_status":"open","ping_status":"closed","template":"","meta":[],"product_brand":[],"product_cat":[24],"product_tag":[],"class_list":{"0":"post-1694","1":"product","2":"type-product","3":"status-publish","4":"has-post-thumbnail","6":"product_cat-plotna","7":"product_shipping_class-kurier-kurier","9":"first","10":"instock","11":"taxable","12":"shipping-taxable","13":"purchasable","14":"product-type-variable","15":"has-default-attributes"},"jetpack_sharing_enabled":true,"_links":{"self":[{"href":"https:\/\/humandesignshop.pl\/index.php\/wp-json\/wp\/v2\/product\/1694","targetHints":{"allow":["GET"]}}],"collection":[{"href":"https:\/\/humandesignshop.pl\/index.php\/wp-json\/wp\/v2\/product"}],"about":[{"href":"https:\/\/humandesignshop.pl\/index.php\/wp-json\/wp\/v2\/types\/product"}],"replies":[{"embeddable":true,"href":"https:\/\/humandesignshop.pl\/index.php\/wp-json\/wp\/v2\/comments?post=1694"}],"wp:featuredmedia":[{"embeddable":true,"href":"https:\/\/humandesignshop.pl\/index.php\/wp-json\/wp\/v2\/media\/1700"}],"wp:attachment":[{"href":"https:\/\/humandesignshop.pl\/index.php\/wp-json\/wp\/v2\/media?parent=1694"}],"wp:term":[{"taxonomy":"product_brand","embeddable":true,"href":"https:\/\/humandesignshop.pl\/index.php\/wp-json\/wp\/v2\/product_brand?post=1694"},{"taxonomy":"product_cat","embeddable":true,"href":"https:\/\/humandesignshop.pl\/index.php\/wp-json\/wp\/v2\/product_cat?post=1694"},{"taxonomy":"product_tag","embeddable":true,"href":"https:\/\/humandesignshop.pl\/index.php\/wp-json\/wp\/v2\/product_tag?post=1694"}],"curies":[{"name":"wp","href":"https:\/\/api.w.org\/{rel}","templated":true}]}}