{"id":1031,"date":"2025-11-05T09:29:40","date_gmt":"2025-11-05T08:29:40","guid":{"rendered":"https:\/\/humandesignshop.pl\/?post_type=product&#038;p=1031"},"modified":"2025-12-22T09:51:45","modified_gmt":"2025-12-22T08:51:45","slug":"plotno-mapa-energii-black-edition-personalizowany-chart","status":"publish","type":"product","link":"https:\/\/humandesignshop.pl\/index.php\/produkt\/plotno-mapa-energii-black-edition-personalizowany-chart\/","title":{"rendered":"P\u0142\u00f3tno Human Design Mandala Energii &#8211; Black Edition (Personalizowany Chart) 60&#215;80"},"content":{"rendered":"<p>Twoja osobista Mapa Energii w wyj\u0105tkowej, p\u0142\u00f3ciennej formie. Projekt idealny dla artystycznych wn\u0119trz i mi\u0142o\u015bnik\u00f3w nieoczywistych rozwi\u0105za\u0144. Wyraziste kolory \u0107wiartek na czarnym tle przyci\u0105gaj\u0105 wzrok i emanuj\u0105 moc\u0105. P\u0142\u00f3tno podkre\u015bla g\u0142\u0119bi\u0119 i pi\u0119kno Twojego kosmicznego portretu, przypominaj\u0105c ka\u017cdego dnia, kim naprawd\u0119 jeste\u015b.<\/p>\n<p style=\"font-family: 'Chivo';color: #0b3147;text-transform: uppercase\">Wype\u0142nij formularz, aby spersonalizowa\u0107 produkt. Zamawiasz go jako prezent? Pami\u0119taj, aby poda\u0107 dane obdarowywanej osoby!<\/p>\n","protected":false},"excerpt":{"rendered":"<p>Tw\u00f3j wykres Human Design na p\u0142\u00f3tnie. Artystyczna forma, kt\u00f3ra emanuje si\u0142\u0105 i elegancj\u0105. <\/p>\n<p>Nasze p\u0142\u00f3tna wykonujemy na matowym p\u0142\u00f3tnie syntetycznym Canvas Polyester 250, kt\u00f3re zapewnia \u015bwietn\u0105 jako\u015b\u0107 druku i trwa\u0142o\u015b\u0107. Ka\u017cde z nich jest starannie naci\u0105gane na solidny sosnowy blejtram o grubo\u015bci 2 cm, tworz\u0105c gotow\u0105 do powieszenia, estetyczn\u0105 dekoracj\u0119.<\/p>\n","protected":false},"featured_media":1288,"comment_status":"open","ping_status":"closed","template":"","meta":[],"product_brand":[],"product_cat":[24],"product_tag":[],"class_list":{"0":"post-1031","1":"product","2":"type-product","3":"status-publish","4":"has-post-thumbnail","6":"product_cat-plotna","7":"product_shipping_class-kurier-kurier","9":"first","10":"instock","11":"taxable","12":"shipping-taxable","13":"purchasable","14":"product-type-variable","15":"has-default-attributes"},"jetpack_sharing_enabled":true,"_links":{"self":[{"href":"https:\/\/humandesignshop.pl\/index.php\/wp-json\/wp\/v2\/product\/1031","targetHints":{"allow":["GET"]}}],"collection":[{"href":"https:\/\/humandesignshop.pl\/index.php\/wp-json\/wp\/v2\/product"}],"about":[{"href":"https:\/\/humandesignshop.pl\/index.php\/wp-json\/wp\/v2\/types\/product"}],"replies":[{"embeddable":true,"href":"https:\/\/humandesignshop.pl\/index.php\/wp-json\/wp\/v2\/comments?post=1031"}],"wp:featuredmedia":[{"embeddable":true,"href":"https:\/\/humandesignshop.pl\/index.php\/wp-json\/wp\/v2\/media\/1288"}],"wp:attachment":[{"href":"https:\/\/humandesignshop.pl\/index.php\/wp-json\/wp\/v2\/media?parent=1031"}],"wp:term":[{"taxonomy":"product_brand","embeddable":true,"href":"https:\/\/humandesignshop.pl\/index.php\/wp-json\/wp\/v2\/product_brand?post=1031"},{"taxonomy":"product_cat","embeddable":true,"href":"https:\/\/humandesignshop.pl\/index.php\/wp-json\/wp\/v2\/product_cat?post=1031"},{"taxonomy":"product_tag","embeddable":true,"href":"https:\/\/humandesignshop.pl\/index.php\/wp-json\/wp\/v2\/product_tag?post=1031"}],"curies":[{"name":"wp","href":"https:\/\/api.w.org\/{rel}","templated":true}]}}