{"id":1018,"date":"2025-11-05T09:29:39","date_gmt":"2025-11-05T08:29:39","guid":{"rendered":"https:\/\/humandesignshop.pl\/?post_type=product&#038;p=1018"},"modified":"2026-03-26T19:07:25","modified_gmt":"2026-03-26T18:07:25","slug":"plakat-human-design-power-chart-black-universal-uniwersalny-chart","status":"publish","type":"product","link":"https:\/\/humandesignshop.pl\/index.php\/produkt\/plakat-human-design-power-chart-black-universal-uniwersalny-chart\/","title":{"rendered":"Plakat Human Design &#8211; Black Edition (Uniwersalny)"},"content":{"rendered":"<p>System Human Design m\u00f3wi prostym j\u0119zykiem: jeste\u015b wyj\u0105tkowy, kochaj siebie. Plakat Power Chart powsta\u0142 z zachwytu nad pi\u0119knem ludzkiego projektu \u2014 \u0142\u0105czy w sobie wiedz\u0119 i estetyk\u0119. Wyraziste, energetyzuj\u0105ce kolory \u0107wiartek wykresu na czarnym tle oraz opisy planet czyni\u0105 z niego wyj\u0105tkow\u0105 dekoracj\u0119 i narz\u0119dzie rozwoju. Idealny dla pasjonat\u00f3w lub os\u00f3b pracuj\u0105cych z HD. Nasze plakaty \u0142\u0105cz\u0105 klasyczny j\u0119zyk Human Design z elementami systemu BG5 \u2013 Human Design w Biznesie i Karierze, dzi\u0119ki czemu staj\u0105  si\u0119 jeszcze bardziej praktyczne i unikatowe.<\/p>\n","protected":false},"excerpt":{"rendered":"<p>Uniwersalny wykres Human Design w wersji premium. Idealny dla mi\u0142o\u015bnik\u00f3w i praktyk\u00f3w systemu HD.<\/p>\n<p>Plakat drukowany na satynowym papierze o gramaturze 140 g, gwarantuj\u0105cym trwa\u0142o\u015b\u0107 i eleganckie wyko\u0144czenie. Idealnie sprawdzi si\u0119 jako dekoracja wn\u0119trza, zapewniaj\u0105c \u017cywe kolory i \u015bwietn\u0105 ostro\u015b\u0107 detali.<\/p>\n","protected":false},"featured_media":1270,"comment_status":"open","ping_status":"closed","template":"","meta":[],"product_brand":[],"product_cat":[23],"product_tag":[],"class_list":{"0":"post-1018","1":"product","2":"type-product","3":"status-publish","4":"has-post-thumbnail","6":"product_cat-plakaty","8":"first","9":"instock","10":"taxable","11":"shipping-taxable","12":"purchasable","13":"product-type-variable","14":"has-default-attributes"},"jetpack_sharing_enabled":true,"_links":{"self":[{"href":"https:\/\/humandesignshop.pl\/index.php\/wp-json\/wp\/v2\/product\/1018","targetHints":{"allow":["GET"]}}],"collection":[{"href":"https:\/\/humandesignshop.pl\/index.php\/wp-json\/wp\/v2\/product"}],"about":[{"href":"https:\/\/humandesignshop.pl\/index.php\/wp-json\/wp\/v2\/types\/product"}],"replies":[{"embeddable":true,"href":"https:\/\/humandesignshop.pl\/index.php\/wp-json\/wp\/v2\/comments?post=1018"}],"wp:featuredmedia":[{"embeddable":true,"href":"https:\/\/humandesignshop.pl\/index.php\/wp-json\/wp\/v2\/media\/1270"}],"wp:attachment":[{"href":"https:\/\/humandesignshop.pl\/index.php\/wp-json\/wp\/v2\/media?parent=1018"}],"wp:term":[{"taxonomy":"product_brand","embeddable":true,"href":"https:\/\/humandesignshop.pl\/index.php\/wp-json\/wp\/v2\/product_brand?post=1018"},{"taxonomy":"product_cat","embeddable":true,"href":"https:\/\/humandesignshop.pl\/index.php\/wp-json\/wp\/v2\/product_cat?post=1018"},{"taxonomy":"product_tag","embeddable":true,"href":"https:\/\/humandesignshop.pl\/index.php\/wp-json\/wp\/v2\/product_tag?post=1018"}],"curies":[{"name":"wp","href":"https:\/\/api.w.org\/{rel}","templated":true}]}}