{"id":47,"date":"2025-11-02T21:12:43","date_gmt":"2025-11-02T20:12:43","guid":{"rendered":"https:\/\/humandesignshop.pl\/?page_id=47"},"modified":"2026-04-10T13:02:41","modified_gmt":"2026-04-10T11:02:41","slug":"zwroty","status":"publish","type":"page","link":"https:\/\/humandesignshop.pl\/index.php\/zwroty\/","title":{"rendered":"ZWROTY I REKLAMACJE"},"content":{"rendered":"\n\n\n<div style=\"height:11px\" aria-hidden=\"true\" class=\"wp-block-spacer\"><\/div>\n\n\n\n<div class=\"wp-block-columns is-layout-flex wp-container-core-columns-is-layout-28f84493 wp-block-columns-is-layout-flex\">\n<div class=\"wp-block-column is-layout-flow wp-block-column-is-layout-flow\">\n<h2 class=\"wp-block-heading\">ZWROTY\/ODST\u0104PIENIE OD UMOWY<\/h2>\n\n\n\n<p class=\"has-theme-3-color has-text-color has-link-color wp-elements-397a944d3ca8433c5a07d5fbde3831fa\" style=\"font-style:normal;font-weight:500\">Masz <strong>14 dni<\/strong> od otrzymania przesy\u0142ki, \u017ceby odst\u0105pi\u0107 od umowy i odes\u0142a\u0107 produkt \u2013 bez podawania przyczyny.<br>Wystarczy, \u017ce wype\u0142nisz <mark style=\"background-color:rgba(0, 0, 0, 0)\" class=\"has-inline-color has-theme-4-color\"><span style=\"text-decoration: underline;\"><a href=\"https:\/\/humandesignshop.pl\/index.php\/formularz-zwrotu-reklamacji\/\" data-type=\"page\" data-id=\"1101\" target=\"_blank\" rel=\"noreferrer noopener\">formularz zwrotu<\/a><\/span> <\/mark>i ode\u015blesz produkt na adres:<\/p>\n\n\n\n<p style=\"font-style:normal;font-weight:500\"><strong>al. Pasjonist\u00f3w 18A\/24, 91-140 \u0141\u00f3d\u017a.<\/strong> <\/p>\n\n\n\n<p style=\"font-style:normal;font-weight:500\">Dodaj do przesy\u0142ki nr swojego zam\u00f3wienia &#8211; to usprawni proces zwrotu \ud83d\ude42<\/p>\n\n\n\n<p class=\"has-theme-3-color has-text-color has-link-color wp-elements-2c932c6589c922895f3575b88976f839\" style=\"font-style:normal;font-weight:600\"><strong>Pamietaj! Zgodnie z obowi\u0105zuj\u0105cym prawem, produkty personalizowane oraz produkty cyfrowe nie podlegaj\u0105 zwrotowi! <\/strong><\/p>\n\n\n\n<p class=\"has-theme-3-color has-text-color has-link-color wp-elements-fb88011b2644b005663bce7c0f885337\" style=\"font-style:normal;font-weight:400\">Przy zwrocie (odst\u0105pieniu od umowy) <strong>koszt odes\u0142ania produktu pokrywa kupuj\u0105cy<\/strong> \u2013 czyli Ty.<br>My zwracamy Ci pe\u0142n\u0105 warto\u015b\u0107 zam\u00f3wienia (\u0142\u0105cznie z kosztami wysy\u0142ki do Ciebie), ale koszt wysy\u0142ki zwrotnej nie jest refundowany.<\/p>\n\n\n\n<p class=\"has-theme-3-color has-text-color has-link-color wp-elements-4db70a0920797a8c86be82c855387e81\" style=\"font-style:normal;font-weight:400\">Po otrzymaniu i sprawdzeniu odes\u0142anego produktu zwracamy pieni\u0105dze <strong>nie p\u00f3\u017aniej ni\u017c w ci\u0105gu 14 dni kalendarzowych<\/strong> od momentu, gdy poinformujesz nas o odst\u0105pieniu od umowy.<br>Je\u015bli jednak paczka jeszcze do nas nie dotar\u0142a, mo\u017cemy wstrzyma\u0107 zwrot do czasu jej otrzymania lub dostarczenia potwierdzenia nadania.<\/p>\n\n\n\n<p class=\"has-theme-3-color has-text-color has-link-color wp-elements-76bec5664dd7336997bdec16d0d97141\" style=\"font-style:normal;font-weight:400\">Pieni\u0105dze zwracamy <strong>tym samym sposobem<\/strong>, w jaki zosta\u0142a dokonana p\u0142atno\u015b\u0107<\/p>\n\n\n\n<div style=\"height:37px\" aria-hidden=\"true\" class=\"wp-block-spacer\"><\/div>\n\n\n\n<h2 class=\"wp-block-heading\">REKLAMACJE<\/h2>\n\n\n\n<p class=\"has-theme-3-color has-text-color has-link-color wp-elements-0123d060bbf1df7d5b5770a705e60fcd\">Je\u015bli produkt dotar\u0142 uszkodzony albo co\u015b jest nie tak \u2013 skontaktuj si\u0119 z nami poprzez <mark style=\"background-color:rgba(0, 0, 0, 0)\" class=\"has-inline-color has-theme-4-color\"><span style=\"text-decoration: underline;\"><a href=\"https:\/\/humandesignshop.pl\/index.php\/formularz-zwrotu-reklamacji\/\" data-type=\"page\" data-id=\"1101\" target=\"_blank\" rel=\"noreferrer noopener\">formularz reklamacyjny<\/a><\/span> <\/mark><\/p>\n\n\n\n<div style=\"height:37px\" aria-hidden=\"true\" class=\"wp-block-spacer\"><\/div>\n\n\n\n<p style=\"font-style:normal;font-weight:500\"><br><strong>Na reklamacj\u0119 odpowiadamy maksymalnie w 14 dni. <\/strong><\/p>\n\n\n\n<h2 class=\"wp-block-heading\">SZCZEG\u00d3\u0141Y <\/h2>\n\n\n\n<p>Szczeg\u00f3\u0142y dotycz\u0105ce polityki zwrot\u00f3w znajdziesz w zak\u0142adce:<\/p>\n\n\n\n<h2 class=\"wp-block-heading has-small-font-size\"><a href=\"https:\/\/humandesignshop.pl\/index.php\/regulamin-sklepu\/\" data-type=\"link\" data-id=\"https:\/\/humandesignshop.pl\/index.php\/regulamin-sklepu\/\" target=\"_blank\" rel=\"noreferrer noopener\">REGULAMIN SKLEPU<\/a><\/h2>\n<\/div>\n<\/div>\n","protected":false},"excerpt":{"rendered":"<p>ZWROTY\/ODST\u0104PIENIE OD UMOWY Masz 14 dni od otrzymania przesy\u0142ki, \u017ceby odst\u0105pi\u0107 od umowy i odes\u0142a\u0107 produkt \u2013 bez podawania przyczyny.Wystarczy, \u017ce wype\u0142nisz formularz zwrotu i ode\u015blesz produkt na adres: al. Pasjonist\u00f3w 18A\/24, 91-140 \u0141\u00f3d\u017a. Dodaj do przesy\u0142ki nr swojego zam\u00f3wienia &#8211; to usprawni proces zwrotu \ud83d\ude42 Pamietaj! Zgodnie z obowi\u0105zuj\u0105cym prawem, produkty personalizowane oraz produkty [&hellip;]<\/p>\n","protected":false},"author":1,"featured_media":0,"parent":0,"menu_order":0,"comment_status":"closed","ping_status":"closed","template":"","meta":{"footnotes":""},"class_list":["post-47","page","type-page","status-publish","hentry"],"jetpack_sharing_enabled":true,"_links":{"self":[{"href":"https:\/\/humandesignshop.pl\/index.php\/wp-json\/wp\/v2\/pages\/47","targetHints":{"allow":["GET"]}}],"collection":[{"href":"https:\/\/humandesignshop.pl\/index.php\/wp-json\/wp\/v2\/pages"}],"about":[{"href":"https:\/\/humandesignshop.pl\/index.php\/wp-json\/wp\/v2\/types\/page"}],"author":[{"embeddable":true,"href":"https:\/\/humandesignshop.pl\/index.php\/wp-json\/wp\/v2\/users\/1"}],"replies":[{"embeddable":true,"href":"https:\/\/humandesignshop.pl\/index.php\/wp-json\/wp\/v2\/comments?post=47"}],"version-history":[{"count":12,"href":"https:\/\/humandesignshop.pl\/index.php\/wp-json\/wp\/v2\/pages\/47\/revisions"}],"predecessor-version":[{"id":2406,"href":"https:\/\/humandesignshop.pl\/index.php\/wp-json\/wp\/v2\/pages\/47\/revisions\/2406"}],"wp:attachment":[{"href":"https:\/\/humandesignshop.pl\/index.php\/wp-json\/wp\/v2\/media?parent=47"}],"curies":[{"name":"wp","href":"https:\/\/api.w.org\/{rel}","templated":true}]}}