{"id":1101,"date":"2025-11-09T12:12:16","date_gmt":"2025-11-09T11:12:16","guid":{"rendered":"https:\/\/humandesignshop.pl\/?page_id=1101"},"modified":"2025-11-09T12:12:17","modified_gmt":"2025-11-09T11:12:17","slug":"formularz-zwrotu-reklamacji","status":"publish","type":"page","link":"https:\/\/humandesignshop.pl\/index.php\/formularz-zwrotu-reklamacji\/","title":{"rendered":"FORMULARZ ZWROTU\/REKLAMACJI"},"content":{"rendered":"\n<div class=\"forminator-guttenberg\"><div class=\"forminator-ui forminator-custom-form forminator-custom-form-1100 forminator-design--basic  forminator_ajax\" data-forminator-render=\"0\" data-form=\"forminator-module-1100\" data-uid=\"69fd8e532dacf\"><br\/><\/div><form\n\t\t\t\tid=\"forminator-module-1100\"\n\t\t\t\tclass=\"forminator-ui forminator-custom-form forminator-custom-form-1100 forminator-design--basic  forminator_ajax\"\n\t\t\t\tmethod=\"post\"\n\t\t\t\tdata-forminator-render=\"0\"\n\t\t\t\tdata-form-id=\"1100\"\n\t\t\t\tenctype=\"multipart\/form-data\" data-color-option=\"theme\" data-design=\"basic\" data-grid=\"open\" style=\"display: none;\"\n\t\t\t\tdata-uid=\"69fd8e532dacf\"\n\t\t\t><div role=\"alert\" aria-live=\"polite\" class=\"forminator-response-message forminator-error\" aria-hidden=\"true\"><\/div><div class=\"forminator-row\"><div id=\"select-1\" class=\"forminator-field-select forminator-col forminator-col-12 \"><div class=\"forminator-field\"><label for=\"forminator-form-1100__field--select-1_69fd8e532dacf\" id=\"forminator-form-1100__field--select-1_69fd8e532dacf-label\" class=\"forminator-label\">Rodzaj formularza <span class=\"forminator-required\">*<\/span><\/label><select  id=\"forminator-form-1100__field--select-1_69fd8e532dacf\" class=\"forminator-select--field forminator-select2 forminator-select2-multiple\" data-required=\"1\" name=\"select-1\" data-default-value=\"\" data-hidden-behavior=\"zero\" data-placeholder=\"Rodzaj formularza\" data-search=\"true\" data-search-placeholder=\"Rodzaj formularza\" data-checkbox=\"false\" data-allow-clear=\"false\" aria-labelledby=\"forminator-form-1100__field--select-1_69fd8e532dacf-label\"><option value=\"\"  >Rodzaj formularza<\/option><option value=\"one\"  data-calculation=\"0\">ZWROT PRODUKTU FIZYCZNEGO<\/option><option value=\"two\"  data-calculation=\"0\">REKLAMACJA<\/option><\/select><\/div><\/div><\/div><div class=\"forminator-row\"><div id=\"name-1\" class=\"forminator-field-name forminator-col forminator-col-12 \"><div class=\"forminator-field\"><label for=\"forminator-field-name-1_69fd8e532dacf\" id=\"forminator-field-name-1_69fd8e532dacf-label\" class=\"forminator-label\">Imi\u0119 <span class=\"forminator-required\">*<\/span><\/label><input type=\"text\" name=\"name-1\" value=\"\" placeholder=\"\" id=\"forminator-field-name-1_69fd8e532dacf\" class=\"forminator-input forminator-name--field\" aria-required=\"true\" autocomplete=\"name\" \/><\/div><\/div><\/div><div class=\"forminator-row\"><div id=\"email-1\" class=\"forminator-field-email forminator-col forminator-col-12 \"><div class=\"forminator-field\"><label for=\"forminator-field-email-1_69fd8e532dacf\" id=\"forminator-field-email-1_69fd8e532dacf-label\" class=\"forminator-label\">Adres e-mail <span class=\"forminator-required\">*<\/span><\/label><input type=\"email\" name=\"email-1\" value=\"\" placeholder=\"\" id=\"forminator-field-email-1_69fd8e532dacf\" class=\"forminator-input forminator-email--field\" data-required=\"true\" aria-required=\"true\" autocomplete=\"email\" \/><\/div><\/div><\/div><div class=\"forminator-row\"><div id=\"phone-1\" class=\"forminator-field-phone forminator-col forminator-col-12 \"><div class=\"forminator-field\"><label for=\"forminator-field-phone-1_69fd8e532dacf\" id=\"forminator-field-phone-1_69fd8e532dacf-label\" class=\"forminator-label\">Numer telefonu<\/label><input type=\"text\" name=\"phone-1\" value=\"\" placeholder=\"\" id=\"forminator-field-phone-1_69fd8e532dacf\" class=\"forminator-input forminator-field--phone\" data-required=\"\" aria-required=\"false\" autocomplete=\"off\" \/><\/div><\/div><\/div><div class=\"forminator-row\"><div id=\"name-2\" class=\"forminator-field-name forminator-col forminator-col-12 \"><div class=\"forminator-field\"><label for=\"forminator-field-name-2_69fd8e532dacf\" id=\"forminator-field-name-2_69fd8e532dacf-label\" class=\"forminator-label\">Numer zam\u00f3wienia <span class=\"forminator-required\">*<\/span><\/label><input type=\"text\" name=\"name-2\" value=\"\" placeholder=\"\" id=\"forminator-field-name-2_69fd8e532dacf\" class=\"forminator-input forminator-name--field\" aria-required=\"true\" autocomplete=\"name\" \/><\/div><\/div><\/div><div class=\"forminator-row\"><div id=\"date-1\" class=\"forminator-field-date forminator-col forminator-col-12 \"><div class=\"forminator-field\"><label for=\"forminator-field-date-1-picker_69fd8e532dacf\" id=\"forminator-field-date-1-picker_69fd8e532dacf-label\" class=\"forminator-label\">Data otrzymania zam\u00f3wienia <span class=\"forminator-required\">*<\/span><\/label><div class=\"forminator-input-with-icon\"><span class=\"forminator-icon-calendar\" aria-hidden=\"true\"><\/span><input autocomplete=\"off\" type=\"text\" size=\"1\" name=\"date-1\" value=\"\" placeholder=\"Wybierz dat\u0119\" id=\"forminator-field-date-1-picker_69fd8e532dacf\" class=\"forminator-input forminator-datepicker\" data-required=\"1\" data-format=\"mm\/dd\/yy\" data-restrict-type=\"\" data-restrict=\"\" data-start-year=\"1926\" data-end-year=\"2126\" data-past-dates=\"enable\" data-start-of-week=\"1\" data-start-date=\"\" data-end-date=\"\" data-start-field=\"\" data-end-field=\"\" data-start-offset=\"\" data-end-offset=\"\" data-disable-date=\"\" data-disable-range=\"\" \/><\/div><\/div><\/div><\/div><div class=\"forminator-row\"><div id=\"textarea-1\" class=\"forminator-field-textarea forminator-col forminator-col-12 \"><div class=\"forminator-field\"><label for=\"forminator-field-textarea-1_69fd8e532dacf\" id=\"forminator-field-textarea-1_69fd8e532dacf-label\" class=\"forminator-label\">Opisz wad\u0119 produktu <span class=\"forminator-required\">*<\/span><\/label><span id=\"forminator-field-textarea-1_69fd8e532dacf-description\" class=\"forminator-description\"><span data-limit=\"180\" data-type=\"characters\" data-editor=\"\">0 \/ 180<\/span><\/span><textarea name=\"textarea-1\" placeholder=\"\" id=\"forminator-field-textarea-1_69fd8e532dacf\" class=\"forminator-textarea\" rows=\"6\" style=\"min-height:140px;\" maxlength=\"180\" ><\/textarea><\/div><\/div><\/div><div class=\"forminator-row\"><div id=\"upload-1\" class=\"forminator-field-upload forminator-col forminator-col-12 \"><div class=\"forminator-field\"><label for=\"forminator-field-upload-1_69fd8e532dacf\" id=\"forminator-field-upload-1_69fd8e532dacf-label\" class=\"forminator-label\">Prze\u015blij pliki <span class=\"forminator-required\">*<\/span><\/label><span id=\"forminator-field-upload-1_69fd8e532dacf-description\" class=\"forminator-description\">Do\u0142\u0105cz zdj\u0119cia uszkodzonego produktu<\/span><div class=\"forminator-file-upload \" data-element=\"upload-1_69fd8e532dacf\" aria-describedby=\"forminator-field-upload-1_69fd8e532dacf-description\"><input type=\"file\" name=\"upload-1\" id=\"forminator-field-upload-1_69fd8e532dacf\" class=\"forminator-input-file-required do-validate\" accept=\".jpg,.jpeg,.jpe,.gif,.png,.bmp,.tiff,.tif,.webp,.avif,.ico,.heic,.heif,.heics,.heifs,.asf,.asx,.wmv,.wmx,.wm,.avi,.divx,.flv,.mov,.qt,.mpeg,.mpg,.mpe,.mp4,.m4v,.ogv,.webm,.mkv,.3gp,.3gpp,.3g2,.3gp2,.txt,.asc,.c,.cc,.h,.srt,.csv,.tsv,.ics,.rtx,.vtt,.mp3,.m4a,.m4b,.aac,.ra,.ram,.wav,.x-wav,.ogg,.oga,.flac,.mid,.midi,.wma,.wax,.mka,.rtf,.pdf,.class,.tar,.zip,.gz,.gzip,.7z,.psd,.xcf,.doc,.pot,.pps,.ppt,.wri,.xla,.xls,.xlt,.xlw,.mdb,.mpp,.docx,.docm,.dotx,.dotm,.xlsx,.xlsm,.xlsb,.xltx,.xltm,.xlam,.pptx,.pptm,.ppsx,.ppsm,.potx,.potm,.ppam,.sldx,.sldm,.onetoc,.onetoc2,.onetmp,.onepkg,.oxps,.xps,.odt,.odp,.ods,.odg,.odc,.odb,.odf,.wp,.wpd,.key,.numbers,.pages\" tabindex=\"-1\"><button id=\"forminator-field-upload-1_69fd8e532dacf_button\" class=\"forminator-button forminator-button-upload\" data-id=\"forminator-field-upload-1_69fd8e532dacf\">Wybierz plik<\/button><span data-empty-text=\"Nie wybrano \u017cadnego pliku\">Nie wybrano \u017cadnego pliku<\/span><button class=\"forminator-button-delete\" style=\"display: none;\"><i class=\"forminator-icon-close\" aria-hidden=\"true\"><\/i><span class=\"forminator-screen-reader-only\">Usu\u0144 przes\u0142any plik<\/span><\/button><\/div><\/div><\/div><\/div><div class=\"forminator-row\"><div id=\"select-2\" class=\"forminator-field-select forminator-col forminator-col-12 \"><div class=\"forminator-field\"><label for=\"forminator-form-1100__field--select-2_69fd8e532dacf\" id=\"forminator-form-1100__field--select-2_69fd8e532dacf-label\" class=\"forminator-label\">Dlaczego zwracasz produkt?<\/label><select  id=\"forminator-form-1100__field--select-2_69fd8e532dacf\" class=\"forminator-select--field forminator-select2 forminator-select2-multiple\" data-required=\"\" name=\"select-2\" data-default-value=\"\" data-hidden-behavior=\"zero\" data-placeholder=\"\" data-search=\"false\" data-search-placeholder=\"\" data-checkbox=\"false\" data-allow-clear=\"false\" aria-labelledby=\"forminator-form-1100__field--select-2_69fd8e532dacf-label\"><option value=\"one\"  data-calculation=\"0\">Rozmy\u015bli\u0142em\/am si\u0119<\/option><option value=\"two\"  data-calculation=\"0\">Produkt nie spe\u0142nia moich oczekiwa\u0144<\/option><option value=\"Znalaz\u0142em-am-ta\u0144szy-produkt\"  data-calculation=\"0\">Znalaz\u0142em\/am ta\u0144szy produkt<\/option><\/select><\/div><\/div><\/div><div class=\"forminator-row\"><div id=\"select-3\" class=\"forminator-field-select forminator-col forminator-col-12 \"><div class=\"forminator-field\"><label for=\"forminator-form-1100__field--select-3_69fd8e532dacf\" id=\"forminator-form-1100__field--select-3_69fd8e532dacf-label\" class=\"forminator-label\">Preferowana forma rekompensaty<\/label><select  id=\"forminator-form-1100__field--select-3_69fd8e532dacf\" class=\"forminator-select--field forminator-select2 forminator-select2-multiple\" data-required=\"\" name=\"select-3\" data-default-value=\"\" data-hidden-behavior=\"zero\" data-placeholder=\"\" data-search=\"false\" data-search-placeholder=\"\" data-checkbox=\"false\" data-allow-clear=\"false\" aria-labelledby=\"forminator-form-1100__field--select-3_69fd8e532dacf-label\"><option value=\"one\"  data-calculation=\"0\">Zwrot pieni\u0119dzy<\/option><option value=\"two\"  data-calculation=\"0\">Wymiana na nowy produkt<\/option><\/select><\/div><\/div><\/div><input type=\"hidden\" name=\"referer_url\" value=\"\" \/><div class=\"forminator-row forminator-row-last\"><div class=\"forminator-col\"><div class=\"forminator-field\"><button class=\"forminator-button forminator-button-submit\">Wy\u015blij<\/button><\/div><\/div><\/div><input type=\"hidden\" id=\"forminator_nonce\" name=\"forminator_nonce\" value=\"0a5dbd0cbd\" \/><input type=\"hidden\" name=\"_wp_http_referer\" value=\"\/index.php\/wp-json\/wp\/v2\/pages\/1101\" \/><input type=\"hidden\" name=\"form_id\" value=\"1100\"><input type=\"hidden\" name=\"page_id\" value=\"1101\"><input type=\"hidden\" name=\"form_type\" value=\"default\"><input type=\"hidden\" name=\"current_url\" value=\"https:\/\/humandesignshop.pl\/index.php\/formularz-zwrotu-reklamacji\/\"><input type=\"hidden\" name=\"render_id\" value=\"0\"><input type=\"hidden\" name=\"action\" value=\"forminator_submit_form_custom-forms\"><\/form><\/div>\n","protected":false},"excerpt":{"rendered":"","protected":false},"author":1,"featured_media":0,"parent":0,"menu_order":0,"comment_status":"closed","ping_status":"closed","template":"","meta":{"footnotes":""},"class_list":["post-1101","page","type-page","status-publish","hentry"],"jetpack_sharing_enabled":true,"_links":{"self":[{"href":"https:\/\/humandesignshop.pl\/index.php\/wp-json\/wp\/v2\/pages\/1101","targetHints":{"allow":["GET"]}}],"collection":[{"href":"https:\/\/humandesignshop.pl\/index.php\/wp-json\/wp\/v2\/pages"}],"about":[{"href":"https:\/\/humandesignshop.pl\/index.php\/wp-json\/wp\/v2\/types\/page"}],"author":[{"embeddable":true,"href":"https:\/\/humandesignshop.pl\/index.php\/wp-json\/wp\/v2\/users\/1"}],"replies":[{"embeddable":true,"href":"https:\/\/humandesignshop.pl\/index.php\/wp-json\/wp\/v2\/comments?post=1101"}],"version-history":[{"count":1,"href":"https:\/\/humandesignshop.pl\/index.php\/wp-json\/wp\/v2\/pages\/1101\/revisions"}],"predecessor-version":[{"id":1102,"href":"https:\/\/humandesignshop.pl\/index.php\/wp-json\/wp\/v2\/pages\/1101\/revisions\/1102"}],"wp:attachment":[{"href":"https:\/\/humandesignshop.pl\/index.php\/wp-json\/wp\/v2\/media?parent=1101"}],"curies":[{"name":"wp","href":"https:\/\/api.w.org\/{rel}","templated":true}]}}